{"id":455,"date":"2025-06-22T11:58:52","date_gmt":"2025-06-22T10:58:52","guid":{"rendered":"https:\/\/buerger-energie-leinebergland.de\/?page_id=455"},"modified":"2025-11-03T14:24:08","modified_gmt":"2025-11-03T13:24:08","slug":"fuer-interessenten","status":"publish","type":"page","link":"https:\/\/buerger-energie-leinebergland.de\/index.php\/fuer-interessenten\/","title":{"rendered":"F\u00fcr Interessenten"},"content":{"rendered":"\t\t<div data-elementor-type=\"wp-page\" data-elementor-id=\"455\" class=\"elementor elementor-455\" data-elementor-post-type=\"page\">\n\t\t\t\t\t\t<section class=\"elementor-section elementor-top-section elementor-element elementor-element-8f58ee2 elementor-section-full_width elementor-section-height-min-height elementor-section-height-default elementor-section-items-middle\" data-id=\"8f58ee2\" data-element_type=\"section\" data-settings=\"{&quot;background_background&quot;:&quot;classic&quot;}\">\n\t\t\t\t\t\t\t<div class=\"elementor-background-overlay\"><\/div>\n\t\t\t\t\t\t\t<div class=\"elementor-container elementor-column-gap-default\">\n\t\t\t\t\t<div class=\"elementor-column elementor-col-100 elementor-top-column elementor-element elementor-element-c6b57ce\" data-id=\"c6b57ce\" data-element_type=\"column\">\n\t\t\t<div class=\"elementor-widget-wrap elementor-element-populated\">\n\t\t\t\t\t\t<div class=\"elementor-element elementor-element-c3cacb2 elementor-widget elementor-widget-heading\" data-id=\"c3cacb2\" data-element_type=\"widget\" data-widget_type=\"heading.default\">\n\t\t\t\t<div class=\"elementor-widget-container\">\n\t\t\t<h2 class=\"elementor-heading-title elementor-size-default\">F\u00fcr Interessenten<\/h2>\t\t<\/div>\n\t\t\t\t<\/div>\n\t\t\t\t<div class=\"elementor-element elementor-element-6e8e809 elementor-widget elementor-widget-text-editor\" data-id=\"6e8e809\" data-element_type=\"widget\" data-widget_type=\"text-editor.default\">\n\t\t\t\t<div class=\"elementor-widget-container\">\n\t\t\t\t\t\t\t<p>Home \/ F\u00fcr Interessenten<\/p>\t\t\t\t\t\t<\/div>\n\t\t\t\t<\/div>\n\t\t\t\t\t<\/div>\n\t\t<\/div>\n\t\t\t\t\t<\/div>\n\t\t<\/section>\n\t\t\t\t<section class=\"elementor-section elementor-top-section elementor-element elementor-element-b454af1 elementor-section-boxed elementor-section-height-default elementor-section-height-default\" data-id=\"b454af1\" data-element_type=\"section\">\n\t\t\t\t\t\t<div class=\"elementor-container elementor-column-gap-default\">\n\t\t\t\t\t<div class=\"elementor-column elementor-col-50 elementor-top-column elementor-element elementor-element-b3e0715\" data-id=\"b3e0715\" data-element_type=\"column\" data-settings=\"{&quot;background_background&quot;:&quot;classic&quot;}\">\n\t\t\t<div class=\"elementor-widget-wrap elementor-element-populated\">\n\t\t\t\t\t\t<div class=\"elementor-element elementor-element-8de82fe elementor-widget elementor-widget-spacer\" data-id=\"8de82fe\" data-element_type=\"widget\" data-widget_type=\"spacer.default\">\n\t\t\t\t<div class=\"elementor-widget-container\">\n\t\t\t\t\t<div class=\"elementor-spacer\">\n\t\t\t<div class=\"elementor-spacer-inner\"><\/div>\n\t\t<\/div>\n\t\t\t\t<\/div>\n\t\t\t\t<\/div>\n\t\t\t\t\t<\/div>\n\t\t<\/div>\n\t\t\t\t<div class=\"elementor-column elementor-col-50 elementor-top-column elementor-element elementor-element-b2a0329\" data-id=\"b2a0329\" data-element_type=\"column\">\n\t\t\t<div class=\"elementor-widget-wrap elementor-element-populated\">\n\t\t\t\t\t\t<div class=\"elementor-element elementor-element-60570bc elementor-widget elementor-widget-heading\" data-id=\"60570bc\" data-element_type=\"widget\" data-widget_type=\"heading.default\">\n\t\t\t\t<div class=\"elementor-widget-container\">\n\t\t\t<h2 class=\"elementor-heading-title elementor-size-default\">Warum B\u00fcrger-Energie Leinebergland eG?<\/h2>\t\t<\/div>\n\t\t\t\t<\/div>\n\t\t\t\t<div class=\"elementor-element elementor-element-1d41da2 elementor-widget elementor-widget-text-editor\" data-id=\"1d41da2\" data-element_type=\"widget\" data-widget_type=\"text-editor.default\">\n\t\t\t\t<div class=\"elementor-widget-container\">\n\t\t\t\t\t\t\t<p>Strom und W\u00e4rme aus Sonne, Wind und Biomasse \u2013 regional erzeugt, gemeinsam finanziert, lokal genutzt. Als Genossenschaft geh\u00f6ren die Anlagen <strong data-start=\"237\" data-end=\"250\">uns allen<\/strong>, nicht anonymen Investoren. So bleiben die Wertsch\u00f6pfung und die Entscheidungshoheit im Leinebergland.<\/p>\t\t\t\t\t\t<\/div>\n\t\t\t\t<\/div>\n\t\t\t\t<div class=\"elementor-element elementor-element-0dd7f85 elementor-widget elementor-widget-text-editor\" data-id=\"0dd7f85\" data-element_type=\"widget\" data-widget_type=\"text-editor.default\">\n\t\t\t\t<div class=\"elementor-widget-container\">\n\t\t\t\t\t\t\t<ul><li data-start=\"355\" data-end=\"453\"><p data-start=\"357\" data-end=\"453\"><strong data-start=\"357\" data-end=\"382\">Regional &amp; unabh\u00e4ngig<\/strong><br data-start=\"382\" data-end=\"385\" \/>Jede Kilowattstunde stammt aus Projekten in unserer Nachbarschaft.<\/p><\/li><li data-start=\"454\" data-end=\"609\"><p data-start=\"456\" data-end=\"609\"><strong data-start=\"456\" data-end=\"487\">Mitbestimmen &amp; mitverdienen<\/strong><br data-start=\"487\" data-end=\"490\" \/>Jedes Mitglied hat <em data-start=\"511\" data-end=\"517\">eine<\/em> Stimme \u2013 unabh\u00e4ngig von der Anzahl der Anteile. \u00dcbersch\u00fcsse sch\u00fctten wir als Dividende aus.<\/p><\/li><li data-start=\"610\" data-end=\"696\"><p data-start=\"612\" data-end=\"696\"><strong data-start=\"612\" data-end=\"635\">Klimaschutz konkret<\/strong><br data-start=\"635\" data-end=\"638\" \/>Wir senken CO\u2082-Emissionen da, wo wir leben und arbeiten.<\/p><\/li><\/ul>\t\t\t\t\t\t<\/div>\n\t\t\t\t<\/div>\n\t\t\t\t\t<\/div>\n\t\t<\/div>\n\t\t\t\t\t<\/div>\n\t\t<\/section>\n\t\t\t\t<section class=\"elementor-section elementor-top-section elementor-element elementor-element-4a969ed elementor-section-boxed elementor-section-height-default elementor-section-height-default\" data-id=\"4a969ed\" data-element_type=\"section\" data-settings=\"{&quot;background_background&quot;:&quot;classic&quot;}\">\n\t\t\t\t\t\t<div class=\"elementor-container elementor-column-gap-default\">\n\t\t\t\t\t<div class=\"elementor-column elementor-col-100 elementor-top-column elementor-element elementor-element-8250bbc\" data-id=\"8250bbc\" data-element_type=\"column\">\n\t\t\t<div class=\"elementor-widget-wrap elementor-element-populated\">\n\t\t\t\t\t\t<div class=\"elementor-element elementor-element-bb2e73e elementor-widget elementor-widget-heading\" data-id=\"bb2e73e\" data-element_type=\"widget\" data-widget_type=\"heading.default\">\n\t\t\t\t<div class=\"elementor-widget-container\">\n\t\t\t<h3 class=\"elementor-heading-title elementor-size-default\">So werden Sie Mitglied \u2013 in nur drei Schritten<\/h3>\t\t<\/div>\n\t\t\t\t<\/div>\n\t\t\t\t<div class=\"elementor-element elementor-element-53ff654 elementor-widget elementor-widget-text-editor\" data-id=\"53ff654\" data-element_type=\"widget\" data-widget_type=\"text-editor.default\">\n\t\t\t\t<div class=\"elementor-widget-container\">\n\t\t\t\t\t\t\t<table class=\"w-fit min-w-(--thread-content-width)\" data-start=\"755\" data-end=\"1255\"><thead data-start=\"755\" data-end=\"791\"><tr data-start=\"755\" data-end=\"791\"><th data-start=\"755\" data-end=\"765\" data-col-size=\"sm\">Schritt<\/th><th data-start=\"765\" data-end=\"782\" data-col-size=\"lg\">Was zu tun ist<\/th><th data-start=\"782\" data-end=\"791\" data-col-size=\"sm\">Dauer<\/th><\/tr><\/thead><tbody data-start=\"829\" data-end=\"1255\"><tr data-start=\"829\" data-end=\"958\"><td data-start=\"829\" data-end=\"850\" data-col-size=\"sm\"><strong data-start=\"831\" data-end=\"849\">1. Informieren<\/strong><\/td><td data-col-size=\"lg\" data-start=\"850\" data-end=\"945\">Laden Sie unsere Satzung &amp; den Gesch\u00e4ftsbericht herunter oder besuchen Sie einen Info-Abend.<\/td><td data-col-size=\"sm\" data-start=\"945\" data-end=\"958\">jederzeit<\/td><\/tr><tr data-start=\"959\" data-end=\"1100\"><td data-start=\"959\" data-end=\"997\" data-col-size=\"sm\"><strong data-start=\"961\" data-end=\"996\">2. Beitrittserkl\u00e4rung ausf\u00fcllen<\/strong><\/td><td data-col-size=\"lg\" data-start=\"997\" data-end=\"1086\"><strong data-start=\"999\" data-end=\"1018\">Mind. 5 Anteile<\/strong> \u00e0 100 \u20ac (Privat- oder Unternehmens\u00adbeteiligung). Max. 500 Anteile.<\/td><td data-col-size=\"sm\" data-start=\"1086\" data-end=\"1100\">ca. 10 Min<\/td><\/tr><tr data-start=\"1101\" data-end=\"1255\"><td data-start=\"1101\" data-end=\"1130\" data-col-size=\"sm\"><strong data-start=\"1103\" data-end=\"1129\">3. Einzahlen &amp; starten<\/strong><\/td><td data-col-size=\"lg\" data-start=\"1130\" data-end=\"1240\">Wir buchen per SEPA-Lastschrift oder Sie \u00fcberweisen. Danach best\u00e4tigen wir Ihre Mitgliedschaft schriftlich.<\/td><td data-col-size=\"sm\" data-start=\"1240\" data-end=\"1255\">wenige Tage<\/td><\/tr><\/tbody><\/table>\t\t\t\t\t\t<\/div>\n\t\t\t\t<\/div>\n\t\t\t\t\t<\/div>\n\t\t<\/div>\n\t\t\t\t\t<\/div>\n\t\t<\/section>\n\t\t\t\t<section class=\"elementor-section elementor-top-section elementor-element elementor-element-ae26cfe elementor-section-full_width elementor-section-height-min-height elementor-section-items-stretch elementor-section-height-default\" data-id=\"ae26cfe\" data-element_type=\"section\" data-settings=\"{&quot;background_background&quot;:&quot;classic&quot;}\">\n\t\t\t\t\t\t\t<div class=\"elementor-background-overlay\"><\/div>\n\t\t\t\t\t\t\t<div class=\"elementor-container elementor-column-gap-no\">\n\t\t\t\t\t<div class=\"elementor-column elementor-col-50 elementor-top-column elementor-element elementor-element-98204c1\" data-id=\"98204c1\" data-element_type=\"column\" data-settings=\"{&quot;background_background&quot;:&quot;classic&quot;}\">\n\t\t\t<div class=\"elementor-widget-wrap elementor-element-populated\">\n\t\t\t\t\t<div class=\"elementor-background-overlay\"><\/div>\n\t\t\t\t\t\t<div class=\"elementor-element elementor-element-97c3aa1 elementor-widget elementor-widget-heading\" data-id=\"97c3aa1\" data-element_type=\"widget\" data-widget_type=\"heading.default\">\n\t\t\t\t<div class=\"elementor-widget-container\">\n\t\t\t<h2 class=\"elementor-heading-title elementor-size-default\">Ihre Vorteile als Anteilseigner*in<\/h2>\t\t<\/div>\n\t\t\t\t<\/div>\n\t\t\t\t<div class=\"elementor-element elementor-element-556ac32 elementor-widget elementor-widget-text-editor\" data-id=\"556ac32\" data-element_type=\"widget\" data-widget_type=\"text-editor.default\">\n\t\t\t\t<div class=\"elementor-widget-container\">\n\t\t\t\t\t\t\t<ul><li data-start=\"1534\" data-end=\"1607\"><p data-start=\"1536\" data-end=\"1607\"><strong data-start=\"1536\" data-end=\"1556\">Planbare Rendite<\/strong> durch solide Einspeiseverg\u00fctungen &amp; PPA-Vertr\u00e4ge<\/p><\/li><li data-start=\"1608\" data-end=\"1695\"><p data-start=\"1610\" data-end=\"1695\"><strong data-start=\"1610\" data-end=\"1630\">Steuerfreibetrag<\/strong> auf Dividenden bis 1.000 \u20ac (ledig) bzw. 2.000 \u20ac (verheiratet)\u00b2<\/p><\/li><li data-start=\"1696\" data-end=\"1775\"><p data-start=\"1698\" data-end=\"1775\"><strong data-start=\"1698\" data-end=\"1713\">Transparenz<\/strong>: j\u00e4hrliche Generalversammlung, detaillierte Projektberichte<\/p><\/li><li data-start=\"1776\" data-end=\"1847\"><p data-start=\"1778\" data-end=\"1847\"><strong data-start=\"1778\" data-end=\"1790\">Netzwerk<\/strong> aus Kommunen, Unternehmen und engagierten B\u00fcrger*innen<\/p><\/li><\/ul>\t\t\t\t\t\t<\/div>\n\t\t\t\t<\/div>\n\t\t\t\t<div class=\"elementor-element elementor-element-b0a18c9 elementor-widget elementor-widget-text-editor\" data-id=\"b0a18c9\" data-element_type=\"widget\" data-widget_type=\"text-editor.default\">\n\t\t\t\t<div class=\"elementor-widget-container\">\n\t\t\t\t\t\t\t<p data-start=\"1536\" data-end=\"1607\">\u00b2 \u00a7 3 Nr. 40 EStG \u2013 abh\u00e4ngig von Ihrer individuellen Situation.<\/p>\t\t\t\t\t\t<\/div>\n\t\t\t\t<\/div>\n\t\t\t\t\t<\/div>\n\t\t<\/div>\n\t\t\t\t<div class=\"elementor-column elementor-col-50 elementor-top-column elementor-element elementor-element-5132e69\" data-id=\"5132e69\" data-element_type=\"column\" data-settings=\"{&quot;background_background&quot;:&quot;classic&quot;}\">\n\t\t\t<div class=\"elementor-widget-wrap elementor-element-populated\">\n\t\t\t\t\t\t<div class=\"elementor-element elementor-element-5462a0f elementor-widget elementor-widget-spacer\" data-id=\"5462a0f\" data-element_type=\"widget\" data-widget_type=\"spacer.default\">\n\t\t\t\t<div class=\"elementor-widget-container\">\n\t\t\t\t\t<div class=\"elementor-spacer\">\n\t\t\t<div class=\"elementor-spacer-inner\"><\/div>\n\t\t<\/div>\n\t\t\t\t<\/div>\n\t\t\t\t<\/div>\n\t\t\t\t\t<\/div>\n\t\t<\/div>\n\t\t\t\t\t<\/div>\n\t\t<\/section>\n\t\t\t\t<section class=\"elementor-section elementor-top-section elementor-element elementor-element-dc77431 elementor-section-boxed elementor-section-height-default elementor-section-height-default\" data-id=\"dc77431\" data-element_type=\"section\" data-settings=\"{&quot;background_background&quot;:&quot;classic&quot;}\">\n\t\t\t\t\t\t<div class=\"elementor-container elementor-column-gap-default\">\n\t\t\t\t\t<div class=\"elementor-column elementor-col-100 elementor-top-column elementor-element elementor-element-5abeec6\" data-id=\"5abeec6\" data-element_type=\"column\">\n\t\t\t<div class=\"elementor-widget-wrap elementor-element-populated\">\n\t\t\t\t\t\t<div class=\"elementor-element elementor-element-0fdd1b7 elementor-widget elementor-widget-heading\" data-id=\"0fdd1b7\" data-element_type=\"widget\" data-widget_type=\"heading.default\">\n\t\t\t\t<div class=\"elementor-widget-container\">\n\t\t\t<h3 class=\"elementor-heading-title elementor-size-default\">So werden Sie Mitglied<\/h3>\t\t<\/div>\n\t\t\t\t<\/div>\n\t\t\t\t<div class=\"elementor-element elementor-element-fea82f0 elementor-widget elementor-widget-text-editor\" data-id=\"fea82f0\" data-element_type=\"widget\" data-widget_type=\"text-editor.default\">\n\t\t\t\t<div class=\"elementor-widget-container\">\n\t\t\t\t\t\t\t<table class=\"download-table\"><thead><tr><th>Dokument<\/th><th>Inhalt<\/th><th>Download<\/th><\/tr><\/thead><tbody><tr><td>Beitrittserkl\u00e4rung \/ Beteiligungserkl\u00e4rung<\/td><td>Formular zur Zeichnung Ihrer Gesch\u00e4ftsanteile<\/td><td><a class=\"download-btn\" href=\"https:\/\/buerger-energie-leinebergland.de\/wp-content\/uploads\/2025\/10\/Mitgliedschaft-Beitrittserklaerung-2025-2.pdf\" target=\"_blank\" rel=\"noopener\"><br \/>PDF<br \/><\/a><\/td><\/tr><tr><td>Satzung<\/td><td>Rechte &amp; Pflichten der Mitglieder<\/td><td><a class=\"download-btn\" href=\"https:\/\/buerger-energie-leinebergland.de\/wp-content\/uploads\/2025\/06\/SatzungBELeineberglandeGFassungVersion306_2025.pdf\" target=\"_blank\" rel=\"noopener\"><br \/>PDF<br \/><\/a><\/td><\/tr><\/tbody><\/table>\t\t\t\t\t\t<\/div>\n\t\t\t\t<\/div>\n\t\t\t\t\t<\/div>\n\t\t<\/div>\n\t\t\t\t\t<\/div>\n\t\t<\/section>\n\t\t\t\t<\/div>\n\t\t","protected":false},"excerpt":{"rendered":"<p>F\u00fcr Interessenten Home \/ F\u00fcr Interessenten Warum B\u00fcrger-Energie Leinebergland eG? Strom und W\u00e4rme aus Sonne, Wind und Biomasse \u2013 regional erzeugt, gemeinsam finanziert, lokal genutzt. Als Genossenschaft geh\u00f6ren die Anlagen uns allen, nicht anonymen Investoren. So bleiben die Wertsch\u00f6pfung und die Entscheidungshoheit im Leinebergland. Regional &amp; unabh\u00e4ngigJede Kilowattstunde stammt aus Projekten in unserer Nachbarschaft. Mitbestimmen [&hellip;]<\/p>\n","protected":false},"author":1,"featured_media":0,"parent":0,"menu_order":0,"comment_status":"closed","ping_status":"closed","template":"","meta":{"footnotes":""},"class_list":["post-455","page","type-page","status-publish","hentry"],"_links":{"self":[{"href":"https:\/\/buerger-energie-leinebergland.de\/index.php\/wp-json\/wp\/v2\/pages\/455","targetHints":{"allow":["GET"]}}],"collection":[{"href":"https:\/\/buerger-energie-leinebergland.de\/index.php\/wp-json\/wp\/v2\/pages"}],"about":[{"href":"https:\/\/buerger-energie-leinebergland.de\/index.php\/wp-json\/wp\/v2\/types\/page"}],"author":[{"embeddable":true,"href":"https:\/\/buerger-energie-leinebergland.de\/index.php\/wp-json\/wp\/v2\/users\/1"}],"replies":[{"embeddable":true,"href":"https:\/\/buerger-energie-leinebergland.de\/index.php\/wp-json\/wp\/v2\/comments?post=455"}],"version-history":[{"count":22,"href":"https:\/\/buerger-energie-leinebergland.de\/index.php\/wp-json\/wp\/v2\/pages\/455\/revisions"}],"predecessor-version":[{"id":554,"href":"https:\/\/buerger-energie-leinebergland.de\/index.php\/wp-json\/wp\/v2\/pages\/455\/revisions\/554"}],"wp:attachment":[{"href":"https:\/\/buerger-energie-leinebergland.de\/index.php\/wp-json\/wp\/v2\/media?parent=455"}],"curies":[{"name":"wp","href":"https:\/\/api.w.org\/{rel}","templated":true}]}}